{"id":28,"date":"2024-03-06T08:56:27","date_gmt":"2024-03-06T08:56:27","guid":{"rendered":"https:\/\/fischzucht-gutmann.de\/?page_id=28"},"modified":"2024-03-07T09:06:42","modified_gmt":"2024-03-07T09:06:42","slug":"oeffnungszeiten","status":"publish","type":"page","link":"https:\/\/fischzucht-gutmann.de\/?page_id=28","title":{"rendered":"\u00d6ffnungszeiten"},"content":{"rendered":"\n<p>Ich habe in Kaltenbrunn f\u00fcr euch jedes Wochenende wie folgt ge\u00f6ffnet<\/p>\n\n\n\n<p>Freitag: 14 &#8211; 18 Uhr<br>Samstag: 9 &#8211; 12 Uhr<\/p>\n\n\n\n<p>Au\u00dferdem erreicht ihr mich auch au\u00dferhalb der Gesch\u00e4ftszeiten \u00fcber Email oder die bekannte Telefonnummer.<\/p>\n\n\n\n<p>Ich freue mich auf euch!<\/p>\n","protected":false},"excerpt":{"rendered":"<p>Ich habe in Kaltenbrunn f\u00fcr euch jedes Wochenende wie folgt ge\u00f6ffnet Freitag: 14 &#8211; 18 UhrSamstag: 9 &#8211; 12 Uhr Au\u00dferdem erreicht ihr mich auch au\u00dferhalb der Gesch\u00e4ftszeiten \u00fcber Email oder die bekannte Telefonnummer. Ich freue mich auf euch!<\/p>\n","protected":false},"author":1,"featured_media":0,"parent":0,"menu_order":0,"comment_status":"closed","ping_status":"closed","template":"","meta":{"footnotes":""},"class_list":["post-28","page","type-page","status-publish","hentry"],"_links":{"self":[{"href":"https:\/\/fischzucht-gutmann.de\/index.php?rest_route=\/wp\/v2\/pages\/28","targetHints":{"allow":["GET"]}}],"collection":[{"href":"https:\/\/fischzucht-gutmann.de\/index.php?rest_route=\/wp\/v2\/pages"}],"about":[{"href":"https:\/\/fischzucht-gutmann.de\/index.php?rest_route=\/wp\/v2\/types\/page"}],"author":[{"embeddable":true,"href":"https:\/\/fischzucht-gutmann.de\/index.php?rest_route=\/wp\/v2\/users\/1"}],"replies":[{"embeddable":true,"href":"https:\/\/fischzucht-gutmann.de\/index.php?rest_route=%2Fwp%2Fv2%2Fcomments&post=28"}],"version-history":[{"count":3,"href":"https:\/\/fischzucht-gutmann.de\/index.php?rest_route=\/wp\/v2\/pages\/28\/revisions"}],"predecessor-version":[{"id":56,"href":"https:\/\/fischzucht-gutmann.de\/index.php?rest_route=\/wp\/v2\/pages\/28\/revisions\/56"}],"wp:attachment":[{"href":"https:\/\/fischzucht-gutmann.de\/index.php?rest_route=%2Fwp%2Fv2%2Fmedia&parent=28"}],"curies":[{"name":"wp","href":"https:\/\/api.w.org\/{rel}","templated":true}]}}