{"id":24,"date":"2024-03-06T08:44:31","date_gmt":"2024-03-06T08:44:31","guid":{"rendered":"https:\/\/fischzucht-gutmann.de\/?page_id=24"},"modified":"2024-03-07T13:51:42","modified_gmt":"2024-03-07T13:51:42","slug":"ueber-mich","status":"publish","type":"page","link":"https:\/\/fischzucht-gutmann.de\/?page_id=24","title":{"rendered":"\u00dcber Mich"},"content":{"rendered":"\n<p>Herzlich willkommen bei Andreas Gutmanns Fischzucht in Kaltenbrunn bei Mitwitz! Seit 2020 widme ich mich mit Leidenschaft der Aufzucht und dem Verkauf von frischem, geschlachtetem Fisch sowie einer Vielzahl anderer k\u00f6stlicher Spezialit\u00e4ten.<\/p>\n\n\n\n<p>Inmitten der malerischen Natur hier in Kaltenbrunn beitreibe ich nicht &#8222;nur ein Gesch\u00e4ft&#8220; sondern lebe meine Leidenschaft zu Fisch aus. Ich pflege ich sorgf\u00e4ltig meine Teiche, in denen ich die verschiedensten Arten von Fischen beheimate. <\/p>\n\n\n\n<p>Von Regenbogenforelle \u00fcber Bachsaibling bis hin zu Karpfen, Hecht, Zander und Wels \u2013 meine Zucht umfasst eine breite Palette von Fischsorten, die allesamt frisch und von h\u00f6chster Qualit\u00e4t sind.<\/p>\n\n\n\n<p>Von der Aufzucht bis auf Ihren Teller. Ich lade Sie herzlich ein &#8222;meine Welt&#8220; zu entdecken und Teil meiner &#8222;Fischgenuss-Gemeinschaft&#8220; zu werden. Kaufen Sie direkt bei mir ein und entdecken Sie den Unterschied, den Liebe und Sorgfalt ausmachen. Ihre Zufriedenheit steht f\u00fcr mich an erster Stelle, und ich freue mich darauf, Sie mit meiner Leidenschaft zu begeistern.<\/p>\n\n\n\n<p>Andreas Gutmann, Ihre erste Adresse f\u00fcr frischen, geschlachteten Fisch und delikate Fischspezialit\u00e4ten in Kaltenbrunn bei Mitwitz.<\/p>\n","protected":false},"excerpt":{"rendered":"<p>Herzlich willkommen bei Andreas Gutmanns Fischzucht in Kaltenbrunn bei Mitwitz! Seit 2020 widme ich mich mit Leidenschaft der Aufzucht und dem Verkauf von frischem, geschlachtetem Fisch sowie einer Vielzahl anderer k\u00f6stlicher Spezialit\u00e4ten. Inmitten der malerischen Natur hier in Kaltenbrunn beitreibe ich nicht &#8222;nur ein Gesch\u00e4ft&#8220; sondern lebe meine Leidenschaft zu Fisch aus. Ich pflege ich<\/p>\n<div class=\"more-link\">\n\t\t\t\t <a href=\"https:\/\/fischzucht-gutmann.de\/?page_id=24\" class=\"btn theme-btn inverted\"><span>Mehr erfahren <\/span><\/a>\n\t\t\t<\/div>\n","protected":false},"author":1,"featured_media":0,"parent":0,"menu_order":0,"comment_status":"closed","ping_status":"closed","template":"","meta":{"footnotes":""},"class_list":["post-24","page","type-page","status-publish","hentry"],"_links":{"self":[{"href":"https:\/\/fischzucht-gutmann.de\/index.php?rest_route=\/wp\/v2\/pages\/24","targetHints":{"allow":["GET"]}}],"collection":[{"href":"https:\/\/fischzucht-gutmann.de\/index.php?rest_route=\/wp\/v2\/pages"}],"about":[{"href":"https:\/\/fischzucht-gutmann.de\/index.php?rest_route=\/wp\/v2\/types\/page"}],"author":[{"embeddable":true,"href":"https:\/\/fischzucht-gutmann.de\/index.php?rest_route=\/wp\/v2\/users\/1"}],"replies":[{"embeddable":true,"href":"https:\/\/fischzucht-gutmann.de\/index.php?rest_route=%2Fwp%2Fv2%2Fcomments&post=24"}],"version-history":[{"count":3,"href":"https:\/\/fischzucht-gutmann.de\/index.php?rest_route=\/wp\/v2\/pages\/24\/revisions"}],"predecessor-version":[{"id":68,"href":"https:\/\/fischzucht-gutmann.de\/index.php?rest_route=\/wp\/v2\/pages\/24\/revisions\/68"}],"wp:attachment":[{"href":"https:\/\/fischzucht-gutmann.de\/index.php?rest_route=%2Fwp%2Fv2%2Fmedia&parent=24"}],"curies":[{"name":"wp","href":"https:\/\/api.w.org\/{rel}","templated":true}]}}